{"id":10919,"date":"2024-05-27T12:36:03","date_gmt":"2024-05-27T10:36:03","guid":{"rendered":"https:\/\/jmulet.com\/?page_id=10919"},"modified":"2024-07-01T10:12:53","modified_gmt":"2024-07-01T08:12:53","slug":"servicios","status":"publish","type":"page","link":"https:\/\/jmulet.com\/es\/servicios\/","title":{"rendered":"Servicios"},"content":{"rendered":"\t\t<div data-elementor-type=\"wp-page\" data-elementor-id=\"10919\" class=\"elementor elementor-10919\">\n\t\t\t\t\t\t<section class=\"elementor-section elementor-top-section elementor-element elementor-element-d854f81 elementor-section-boxed elementor-section-height-default elementor-section-height-default\" data-id=\"d854f81\" data-element_type=\"section\" data-settings=\"{&quot;background_background&quot;:&quot;classic&quot;}\">\n\t\t\t\t\t\t<div class=\"elementor-container elementor-column-gap-default\">\n\t\t\t\t\t<div class=\"elementor-column elementor-col-100 elementor-top-column elementor-element elementor-element-5f79e52\" data-id=\"5f79e52\" data-element_type=\"column\">\n\t\t\t<div class=\"elementor-widget-wrap elementor-element-populated\">\n\t\t\t\t\t\t<div class=\"elementor-element elementor-element-018aa1f elementor-widget elementor-widget-heading\" data-id=\"018aa1f\" data-element_type=\"widget\" data-widget_type=\"heading.default\">\n\t\t\t\t<div class=\"elementor-widget-container\">\n\t\t\t<h1 class=\"elementor-heading-title elementor-size-default\">Informes periciales para compa\u00f1\u00edas aseguradoras y particulares<\/h1>\t\t<\/div>\n\t\t\t\t<\/div>\n\t\t\t\t<div class=\"elementor-element elementor-element-77f9a4a poket-star-rating--align-center elementor-widget elementor-widget-witr_section_title\" data-id=\"77f9a4a\" data-element_type=\"widget\" data-widget_type=\"witr_section_title.default\">\n\t\t\t\t<div class=\"elementor-widget-container\">\n\t\t\t\t\t\t\t\t<!-- title center -->\n\t\t\t\t\t<div class=\"witr_section_title\">\n\t\t\t\t\t\t<div class=\"witr_section_title_inner text-center\">\n\n\t\t\t\t\t\t\t<!-- icon position -->\n\t\t\t\t\t\t\t\t\n\t\t\t\t\t\t\t<!-- end icon position -->\n\t\t\t\t\t\t\t\n\t\t\t\t\t\t\n\t\t\t\t\t\t\t<!-- title top -->\n\t\t\t\t\t\t\t\n\n\t\t\t\t\t\t\t<!-- icon position -->\n\t\t\t\t\t\t\t\t\n\t\t\t\t\t\t\t<!-- end icon position -->\n\n\n\t\t\t\t\t\t\t\n\t\t\t\t\t\t\t<!-- title middle -->\n\t\t\t\t\t\t\t\t\t\t\t\t\t\t\t<h3>\n<\/h3>\t\t\n\t\t\t\t\t\t\t\t\t\t\t\t\t\t<!-- title bottom -->\n\t\t\t\t\t\t\t\n\t\t\t\t\t\t\t\n\t\t\t\t\t\t\t\n\t\t\t\t\t\t\t\t\t\t\t\t\t\t\n\t\t\t\t\t\t\t<!-- image -->\n\t\t\t\t\t\t\t\t\t\t\t\t\t\t<!-- icon -->\n\t\t\t\t\t\t\t\t\t\t\t\t\t\t\n\t\t\t\t\t\t\t<!-- bar -->\n\t\t\t\t\t\t\t\t\t\t\t\t\t\t<!-- circle bar -->\n\t\t\t\t\t\t\t\t\t\t\t\t\t\t\n\t\t\t\t\t\t\t\t\n\t\t\t\t\t\t\t\n\n\t\t\t\t\t\t\t\n\t\t\t\t\t\t\t<!-- content -->\n\t\t\t\t\t\t\t\t\t\t\t\t\t\t\t<p>Redacci\u00f3n de todo tipo de informes periciales en ramos diversos: hogar, comunidades, comercio, pyme, agropecuario, etc\u2026 <\/p>\t\t\n\t\t\t\t\t\t\t\t\t\t\t\t\t\t\n\t\t\t\t\t\t<\/div>\n\t\t\t\t\t\t\t<!-- inner title -->\n\t\t\t\t\t\t\t\t\t\t\t\t\t\n\t\t\t\t\t<\/div>\n\n\t\t\t\t\t\t<\/div>\n\t\t\t\t<\/div>\n\t\t\t\t<section class=\"elementor-section elementor-inner-section elementor-element elementor-element-03363fa elementor-section-boxed elementor-section-height-default elementor-section-height-default\" data-id=\"03363fa\" data-element_type=\"section\">\n\t\t\t\t\t\t<div class=\"elementor-container elementor-column-gap-default\">\n\t\t\t\t\t<div class=\"elementor-column elementor-col-33 elementor-inner-column elementor-element elementor-element-3315fc6\" data-id=\"3315fc6\" data-element_type=\"column\">\n\t\t\t<div class=\"elementor-widget-wrap elementor-element-populated\">\n\t\t\t\t\t\t<div class=\"elementor-element elementor-element-c6edd7f elementor-widget elementor-widget-witr_section_service\" data-id=\"c6edd7f\" data-element_type=\"widget\" data-widget_type=\"witr_section_service.default\">\n\t\t\t\t<div class=\"elementor-widget-container\">\n\t\t\t\t\t\n\t\t\t<div class=\"service-item all_color_service width_height_link_0 text-center  \">\n\t\t\t\t<div class=\"service_top_image\">\n\t\t\t\t\t<!-- image -->\n\t\t\t\t\t\t\t\t\n\t\t\t\t<\/div>\n\t\t\t\t<div class=\"text_box all_icon_color\">\n\t\t\t\t\t<!-- icon -->\n\t\t\t\t\t\t\t\t\t\t\t<i class=\"icofont icofont-home\"><\/i>\n\t\t\t\t\t\t\t\t\t\t<!-- custom icon -->\n\t\t\t\t\t\t\t\t\t\n\t\t\t\t\t<!-- image -->\n\t\t\t\t\t\t\n\t\t\t\t\t<!-- title -->\n\t\t\t\t\t\t\t\t\t\t\t\t\t\t\t<h3>Hogar <\/h3>\n\t\t\t\t\t\t\t\t\t\t\t\t\t\t\t<!-- content -->\n\t\t\t\t\t\t\t\t\t\t\t<p>Peritaje de siniestros de incendio, robo, explosi\u00f3n, impacto de veh\u00edculos, origen atmosf\u00e9rico, da\u00f1os el\u00e9ctricos, etc\u2026\n<br><br> <\/p>\t\t\n\t\t\t\t\t\t\t\t\t\t<!-- button -->\n\t\t\t\t\t\t\t\t\t\n\t\t\t\t<\/div> <!-- text_box -->\t\t\t\t\t\t\t\n\t\t\t<\/div> <!-- service item -->\t\t\t\t\t\t\t\n \t\t\t\t<\/div>\n\t\t\t\t<\/div>\n\t\t\t\t<div class=\"elementor-element elementor-element-08b6229 elementor-widget elementor-widget-witr_section_service\" data-id=\"08b6229\" data-element_type=\"widget\" data-widget_type=\"witr_section_service.default\">\n\t\t\t\t<div class=\"elementor-widget-container\">\n\t\t\t\t\t\n\t\t\t<div class=\"service-item all_color_service width_height_link_0 text-center  \">\n\t\t\t\t<div class=\"service_top_image\">\n\t\t\t\t\t<!-- image -->\n\t\t\t\t\t\t\t\t\n\t\t\t\t<\/div>\n\t\t\t\t<div class=\"text_box all_icon_color\">\n\t\t\t\t\t<!-- icon -->\n\t\t\t\t\t\t\t\t\t\t\t<i class=\"icofont icofont-industries-5\"><\/i>\n\t\t\t\t\t\t\t\t\t\t<!-- custom icon -->\n\t\t\t\t\t\t\t\t\t\n\t\t\t\t\t<!-- image -->\n\t\t\t\t\t\t\n\t\t\t\t\t<!-- title -->\n\t\t\t\t\t\t\t\t\t\t\t\t\t\t\t<h3>PYME <\/h3>\n\t\t\t\t\t\t\t\t\t\t\t\t\t\t\t<!-- content -->\n\t\t\t\t\t\t\t\t\t\t\t<p>Peritaje de siniestros de incendio, robo, explosi\u00f3n, impacto de veh\u00edculos, origen atmosf\u00e9rico, da\u00f1os el\u00e9ctricos, paralizaci\u00f3n, reclamaciones, etc\u2026 <\/p>\t\t\n\t\t\t\t\t\t\t\t\t\t<!-- button -->\n\t\t\t\t\t\t\t\t\t\n\t\t\t\t<\/div> <!-- text_box -->\t\t\t\t\t\t\t\n\t\t\t<\/div> <!-- service item -->\t\t\t\t\t\t\t\n \t\t\t\t<\/div>\n\t\t\t\t<\/div>\n\t\t\t\t\t<\/div>\n\t\t<\/div>\n\t\t\t\t<div class=\"elementor-column elementor-col-33 elementor-inner-column elementor-element elementor-element-e367f50\" data-id=\"e367f50\" data-element_type=\"column\">\n\t\t\t<div class=\"elementor-widget-wrap elementor-element-populated\">\n\t\t\t\t\t\t<div class=\"elementor-element elementor-element-38ca408 elementor-widget elementor-widget-witr_section_service\" data-id=\"38ca408\" data-element_type=\"widget\" data-widget_type=\"witr_section_service.default\">\n\t\t\t\t<div class=\"elementor-widget-container\">\n\t\t\t\t\t\n\t\t\t<div class=\"service-item all_color_service width_height_link_0 text-center  \">\n\t\t\t\t<div class=\"service_top_image\">\n\t\t\t\t\t<!-- image -->\n\t\t\t\t\t\t\t\t\n\t\t\t\t<\/div>\n\t\t\t\t<div class=\"text_box all_icon_color\">\n\t\t\t\t\t<!-- icon -->\n\t\t\t\t\t\t\t\t\t\t\t<i class=\"icofont icofont-shopping-cart\"><\/i>\n\t\t\t\t\t\t\t\t\t\t<!-- custom icon -->\n\t\t\t\t\t\t\t\t\t\n\t\t\t\t\t<!-- image -->\n\t\t\t\t\t\t\n\t\t\t\t\t<!-- title -->\n\t\t\t\t\t\t\t\t\t\t\t\t\t\t\t<h3>Comercio <\/h3>\n\t\t\t\t\t\t\t\t\t\t\t\t\t\t\t<!-- content -->\n\t\t\t\t\t\t\t\t\t\t\t<p>Peritaje de siniestros de incendio, robo, explosi\u00f3n, impacto de veh\u00edculos, origen atmosf\u00e9rico, da\u00f1os el\u00e9ctricos, paralizaci\u00f3n, reclamaciones, etc\u2026 <\/p>\t\t\n\t\t\t\t\t\t\t\t\t\t<!-- button -->\n\t\t\t\t\t\t\t\t\t\n\t\t\t\t<\/div> <!-- text_box -->\t\t\t\t\t\t\t\n\t\t\t<\/div> <!-- service item -->\t\t\t\t\t\t\t\n \t\t\t\t<\/div>\n\t\t\t\t<\/div>\n\t\t\t\t<div class=\"elementor-element elementor-element-3fe73fb elementor-widget elementor-widget-witr_section_service\" data-id=\"3fe73fb\" data-element_type=\"widget\" data-widget_type=\"witr_section_service.default\">\n\t\t\t\t<div class=\"elementor-widget-container\">\n\t\t\t\t\t\n\t\t\t<div class=\"service-item all_color_service width_height_link_0 text-center  \">\n\t\t\t\t<div class=\"service_top_image\">\n\t\t\t\t\t<!-- image -->\n\t\t\t\t\t\t\t\t\n\t\t\t\t<\/div>\n\t\t\t\t<div class=\"text_box all_icon_color\">\n\t\t\t\t\t<!-- icon -->\n\t\t\t\t\t\t\t\t\t\t\t<i class=\"icofont icofont-tractor\"><\/i>\n\t\t\t\t\t\t\t\t\t\t<!-- custom icon -->\n\t\t\t\t\t\t\t\t\t\n\t\t\t\t\t<!-- image -->\n\t\t\t\t\t\t\n\t\t\t\t\t<!-- title -->\n\t\t\t\t\t\t\t\t\t\t\t\t\t\t\t<h3>Agropecuario <\/h3>\n\t\t\t\t\t\t\t\t\t\t\t\t\t\t\t<!-- content -->\n\t\t\t\t\t\t\t\t\t\t\t<p>Peritaje de siniestros de incendio, robo, explosi\u00f3n, impacto de veh\u00edculos, origen atmosf\u00e9rico, da\u00f1os el\u00e9ctricos, paralizaci\u00f3n, reclamaciones, muerte accidental del ganado, etc\u2026 <\/p>\t\t\n\t\t\t\t\t\t\t\t\t\t<!-- button -->\n\t\t\t\t\t\t\t\t\t\n\t\t\t\t<\/div> <!-- text_box -->\t\t\t\t\t\t\t\n\t\t\t<\/div> <!-- service item -->\t\t\t\t\t\t\t\n \t\t\t\t<\/div>\n\t\t\t\t<\/div>\n\t\t\t\t\t<\/div>\n\t\t<\/div>\n\t\t\t\t<div class=\"elementor-column elementor-col-33 elementor-inner-column elementor-element elementor-element-7d72a9c\" data-id=\"7d72a9c\" data-element_type=\"column\">\n\t\t\t<div class=\"elementor-widget-wrap elementor-element-populated\">\n\t\t\t\t\t\t<div class=\"elementor-element elementor-element-d5c570b elementor-widget elementor-widget-witr_section_service\" data-id=\"d5c570b\" data-element_type=\"widget\" data-widget_type=\"witr_section_service.default\">\n\t\t\t\t<div class=\"elementor-widget-container\">\n\t\t\t\t\t\n\t\t\t<div class=\"service-item all_color_service width_height_link_0 text-center  \">\n\t\t\t\t<div class=\"service_top_image\">\n\t\t\t\t\t<!-- image -->\n\t\t\t\t\t\t\t\t\n\t\t\t\t<\/div>\n\t\t\t\t<div class=\"text_box all_icon_color\">\n\t\t\t\t\t<!-- icon -->\n\t\t\t\t\t\t\t\t\t\t\t<i class=\"icofont icofont-building-alt\"><\/i>\n\t\t\t\t\t\t\t\t\t\t<!-- custom icon -->\n\t\t\t\t\t\t\t\t\t\n\t\t\t\t\t<!-- image -->\n\t\t\t\t\t\t\n\t\t\t\t\t<!-- title -->\n\t\t\t\t\t\t\t\t\t\t\t\t\t\t\t<h3>Comunidades <\/h3>\n\t\t\t\t\t\t\t\t\t\t\t\t\t\t\t<!-- content -->\n\t\t\t\t\t\t\t\t\t\t\t<p>Peritaje de siniestros de incendio, robo, explosi\u00f3n, impacto de veh\u00edculos, origen atmosf\u00e9rico, da\u00f1os el\u00e9ctricos, reclamaciones intervecinales, etc\u2026 <\/p>\t\t\n\t\t\t\t\t\t\t\t\t\t<!-- button -->\n\t\t\t\t\t\t\t\t\t\n\t\t\t\t<\/div> <!-- text_box -->\t\t\t\t\t\t\t\n\t\t\t<\/div> <!-- service item -->\t\t\t\t\t\t\t\n \t\t\t\t<\/div>\n\t\t\t\t<\/div>\n\t\t\t\t<div class=\"elementor-element elementor-element-080b7b4 elementor-widget elementor-widget-witr_section_service\" data-id=\"080b7b4\" data-element_type=\"widget\" data-widget_type=\"witr_section_service.default\">\n\t\t\t\t<div class=\"elementor-widget-container\">\n\t\t\t\t\t\n\t\t\t<div class=\"service-item all_color_service width_height_link_0 text-center  \">\n\t\t\t\t<div class=\"service_top_image\">\n\t\t\t\t\t<!-- image -->\n\t\t\t\t\t\t\t\t\n\t\t\t\t<\/div>\n\t\t\t\t<div class=\"text_box all_icon_color\">\n\t\t\t\t\t<!-- icon -->\n\t\t\t\t\t\t\t\t\t\t\t<i class=\"icofont icofont-law-order\"><\/i>\n\t\t\t\t\t\t\t\t\t\t<!-- custom icon -->\n\t\t\t\t\t\t\t\t\t\n\t\t\t\t\t<!-- image -->\n\t\t\t\t\t\t\n\t\t\t\t\t<!-- title -->\n\t\t\t\t\t\t\t\t\t\t\t\t\t\t\t<h3>Peritajes judiciales <\/h3>\n\t\t\t\t\t\t\t\t\t\t\t\t\t\t\t<!-- content -->\n\t\t\t\t\t\t\t\t\t\t\t<p>Redacci\u00f3n y defensa de informes periciales de reclamaci\u00f3n para la v\u00eda judicial.\n<br><br><br> <\/p>\t\t\n\t\t\t\t\t\t\t\t\t\t<!-- button -->\n\t\t\t\t\t\t\t\t\t\n\t\t\t\t<\/div> <!-- text_box -->\t\t\t\t\t\t\t\n\t\t\t<\/div> <!-- service item -->\t\t\t\t\t\t\t\n \t\t\t\t<\/div>\n\t\t\t\t<\/div>\n\t\t\t\t\t<\/div>\n\t\t<\/div>\n\t\t\t\t\t<\/div>\n\t\t<\/section>\n\t\t\t\t\t<\/div>\n\t\t<\/div>\n\t\t\t\t\t<\/div>\n\t\t<\/section>\n\t\t\t\t<\/div>\n\t\t","protected":false},"excerpt":{"rendered":"<p>Informes periciales para compa\u00f1\u00edas aseguradoras y particulares Redacci\u00f3n de todo tipo de informes periciales en ramos diversos: hogar, comunidades, comercio, pyme, agropecuario, etc\u2026 Hogar Peritaje de siniestros de incendio, robo, explosi\u00f3n, impacto de veh\u00edculos, origen atmosf\u00e9rico, da\u00f1os el\u00e9ctricos, etc\u2026 PYME Peritaje de siniestros de incendio, robo, explosi\u00f3n, impacto de veh\u00edculos, origen atmosf\u00e9rico, da\u00f1os el\u00e9ctricos, paralizaci\u00f3n, [&hellip;]<\/p>\n","protected":false},"author":1,"featured_media":0,"parent":0,"menu_order":0,"comment_status":"closed","ping_status":"closed","template":"template-home.php","meta":{"footnotes":""},"class_list":["post-10919","page","type-page","status-publish","hentry"],"yoast_head":"<!-- This site is optimized with the Yoast SEO plugin v23.4 - https:\/\/yoast.com\/wordpress\/plugins\/seo\/ -->\n<title>Gabinete pericial y consultor\u00eda de ingenier\u00eda especializada<\/title>\n<meta name=\"description\" content=\"Nuestro gabinete pericial brinda consultor\u00eda en ingenier\u00eda para aseguradoras y particulares. Experiencia y precisi\u00f3n garantizadas.\" \/>\n<meta name=\"robots\" content=\"index, follow, max-snippet:-1, max-image-preview:large, max-video-preview:-1\" \/>\n<link rel=\"canonical\" href=\"https:\/\/jmulet.com\/es\/servicios\/\" \/>\n<meta property=\"og:locale\" content=\"es_ES\" \/>\n<meta property=\"og:type\" content=\"article\" \/>\n<meta property=\"og:title\" content=\"Gabinete pericial y consultor\u00eda de ingenier\u00eda especializada\" \/>\n<meta property=\"og:description\" content=\"Nuestro gabinete pericial brinda consultor\u00eda en ingenier\u00eda para aseguradoras y particulares. Experiencia y precisi\u00f3n garantizadas.\" \/>\n<meta property=\"og:url\" content=\"https:\/\/jmulet.com\/es\/servicios\/\" \/>\n<meta property=\"og:site_name\" content=\"jmulet\" \/>\n<meta property=\"article:modified_time\" content=\"2024-07-01T08:12:53+00:00\" \/>\n<meta name=\"twitter:card\" content=\"summary_large_image\" \/>\n<meta name=\"twitter:label1\" content=\"Est. reading time\" \/>\n\t<meta name=\"twitter:data1\" content=\"1 minute\" \/>\n<script type=\"application\/ld+json\" class=\"yoast-schema-graph\">{\"@context\":\"https:\/\/schema.org\",\"@graph\":[{\"@type\":\"WebPage\",\"@id\":\"https:\/\/jmulet.com\/es\/servicios\/\",\"url\":\"https:\/\/jmulet.com\/es\/servicios\/\",\"name\":\"Gabinete pericial y consultor\u00eda de ingenier\u00eda especializada\",\"isPartOf\":{\"@id\":\"https:\/\/jmulet.com\/#website\"},\"datePublished\":\"2024-05-27T10:36:03+00:00\",\"dateModified\":\"2024-07-01T08:12:53+00:00\",\"description\":\"Nuestro gabinete pericial brinda consultor\u00eda en ingenier\u00eda para aseguradoras y particulares. Experiencia y precisi\u00f3n garantizadas.\",\"breadcrumb\":{\"@id\":\"https:\/\/jmulet.com\/es\/servicios\/#breadcrumb\"},\"inLanguage\":\"es-ES\",\"potentialAction\":[{\"@type\":\"ReadAction\",\"target\":[\"https:\/\/jmulet.com\/es\/servicios\/\"]}]},{\"@type\":\"BreadcrumbList\",\"@id\":\"https:\/\/jmulet.com\/es\/servicios\/#breadcrumb\",\"itemListElement\":[{\"@type\":\"ListItem\",\"position\":1,\"name\":\"Inici\",\"item\":\"https:\/\/jmulet.com\/es\/\"},{\"@type\":\"ListItem\",\"position\":2,\"name\":\"Servicios\"}]},{\"@type\":\"WebSite\",\"@id\":\"https:\/\/jmulet.com\/#website\",\"url\":\"https:\/\/jmulet.com\/\",\"name\":\"jmulet\",\"description\":\"\",\"publisher\":{\"@id\":\"https:\/\/jmulet.com\/#organization\"},\"potentialAction\":[{\"@type\":\"SearchAction\",\"target\":{\"@type\":\"EntryPoint\",\"urlTemplate\":\"https:\/\/jmulet.com\/?s={search_term_string}\"},\"query-input\":{\"@type\":\"PropertyValueSpecification\",\"valueRequired\":true,\"valueName\":\"search_term_string\"}}],\"inLanguage\":\"es-ES\"},{\"@type\":\"Organization\",\"@id\":\"https:\/\/jmulet.com\/#organization\",\"name\":\"jmulet\",\"url\":\"https:\/\/jmulet.com\/\",\"logo\":{\"@type\":\"ImageObject\",\"inLanguage\":\"es-ES\",\"@id\":\"https:\/\/jmulet.com\/#\/schema\/logo\/image\/\",\"url\":\"https:\/\/jmulet.com\/wp-content\/uploads\/2024\/05\/LOGO-1.png\",\"contentUrl\":\"https:\/\/jmulet.com\/wp-content\/uploads\/2024\/05\/LOGO-1.png\",\"width\":1025,\"height\":221,\"caption\":\"jmulet\"},\"image\":{\"@id\":\"https:\/\/jmulet.com\/#\/schema\/logo\/image\/\"}}]}<\/script>\n<!-- \/ Yoast SEO plugin. -->","yoast_head_json":{"title":"Gabinete pericial y consultor\u00eda de ingenier\u00eda especializada","description":"Nuestro gabinete pericial brinda consultor\u00eda en ingenier\u00eda para aseguradoras y particulares. Experiencia y precisi\u00f3n garantizadas.","robots":{"index":"index","follow":"follow","max-snippet":"max-snippet:-1","max-image-preview":"max-image-preview:large","max-video-preview":"max-video-preview:-1"},"canonical":"https:\/\/jmulet.com\/es\/servicios\/","og_locale":"es_ES","og_type":"article","og_title":"Gabinete pericial y consultor\u00eda de ingenier\u00eda especializada","og_description":"Nuestro gabinete pericial brinda consultor\u00eda en ingenier\u00eda para aseguradoras y particulares. Experiencia y precisi\u00f3n garantizadas.","og_url":"https:\/\/jmulet.com\/es\/servicios\/","og_site_name":"jmulet","article_modified_time":"2024-07-01T08:12:53+00:00","twitter_card":"summary_large_image","twitter_misc":{"Est. reading time":"1 minute"},"schema":{"@context":"https:\/\/schema.org","@graph":[{"@type":"WebPage","@id":"https:\/\/jmulet.com\/es\/servicios\/","url":"https:\/\/jmulet.com\/es\/servicios\/","name":"Gabinete pericial y consultor\u00eda de ingenier\u00eda especializada","isPartOf":{"@id":"https:\/\/jmulet.com\/#website"},"datePublished":"2024-05-27T10:36:03+00:00","dateModified":"2024-07-01T08:12:53+00:00","description":"Nuestro gabinete pericial brinda consultor\u00eda en ingenier\u00eda para aseguradoras y particulares. Experiencia y precisi\u00f3n garantizadas.","breadcrumb":{"@id":"https:\/\/jmulet.com\/es\/servicios\/#breadcrumb"},"inLanguage":"es-ES","potentialAction":[{"@type":"ReadAction","target":["https:\/\/jmulet.com\/es\/servicios\/"]}]},{"@type":"BreadcrumbList","@id":"https:\/\/jmulet.com\/es\/servicios\/#breadcrumb","itemListElement":[{"@type":"ListItem","position":1,"name":"Inici","item":"https:\/\/jmulet.com\/es\/"},{"@type":"ListItem","position":2,"name":"Servicios"}]},{"@type":"WebSite","@id":"https:\/\/jmulet.com\/#website","url":"https:\/\/jmulet.com\/","name":"jmulet","description":"","publisher":{"@id":"https:\/\/jmulet.com\/#organization"},"potentialAction":[{"@type":"SearchAction","target":{"@type":"EntryPoint","urlTemplate":"https:\/\/jmulet.com\/?s={search_term_string}"},"query-input":{"@type":"PropertyValueSpecification","valueRequired":true,"valueName":"search_term_string"}}],"inLanguage":"es-ES"},{"@type":"Organization","@id":"https:\/\/jmulet.com\/#organization","name":"jmulet","url":"https:\/\/jmulet.com\/","logo":{"@type":"ImageObject","inLanguage":"es-ES","@id":"https:\/\/jmulet.com\/#\/schema\/logo\/image\/","url":"https:\/\/jmulet.com\/wp-content\/uploads\/2024\/05\/LOGO-1.png","contentUrl":"https:\/\/jmulet.com\/wp-content\/uploads\/2024\/05\/LOGO-1.png","width":1025,"height":221,"caption":"jmulet"},"image":{"@id":"https:\/\/jmulet.com\/#\/schema\/logo\/image\/"}}]}},"_links":{"self":[{"href":"https:\/\/jmulet.com\/es\/wp-json\/wp\/v2\/pages\/10919"}],"collection":[{"href":"https:\/\/jmulet.com\/es\/wp-json\/wp\/v2\/pages"}],"about":[{"href":"https:\/\/jmulet.com\/es\/wp-json\/wp\/v2\/types\/page"}],"author":[{"embeddable":true,"href":"https:\/\/jmulet.com\/es\/wp-json\/wp\/v2\/users\/1"}],"replies":[{"embeddable":true,"href":"https:\/\/jmulet.com\/es\/wp-json\/wp\/v2\/comments?post=10919"}],"version-history":[{"count":10,"href":"https:\/\/jmulet.com\/es\/wp-json\/wp\/v2\/pages\/10919\/revisions"}],"predecessor-version":[{"id":11540,"href":"https:\/\/jmulet.com\/es\/wp-json\/wp\/v2\/pages\/10919\/revisions\/11540"}],"wp:attachment":[{"href":"https:\/\/jmulet.com\/es\/wp-json\/wp\/v2\/media?parent=10919"}],"curies":[{"name":"wp","href":"https:\/\/api.w.org\/{rel}","templated":true}]}}